{"id":205,"date":"2023-03-22T06:21:33","date_gmt":"2023-03-22T06:21:33","guid":{"rendered":"https:\/\/www.xn--metstuurinkoski-3kb.fi\/?page_id=205"},"modified":"2023-03-26T06:11:59","modified_gmt":"2023-03-26T06:11:59","slug":"palvelut","status":"publish","type":"page","link":"https:\/\/www.xn--metstuurinkoski-3kb.fi\/?page_id=205","title":{"rendered":"Palvelut"},"content":{"rendered":"\n<div class=\"wp-block-cover alignfull\"><span aria-hidden=\"true\" class=\"wp-block-cover__background has-background-dim-70 has-background-dim\"><\/span><img decoding=\"async\" loading=\"lazy\" width=\"1178\" height=\"1205\" class=\"wp-block-cover__image-background wp-image-264\" alt=\"\" src=\"https:\/\/www.xn--metstuurinkoski-3kb.fi\/wp-content\/uploads\/2023\/03\/61aff67d-5e93-411b-853b-bde8127464c9-1.jpg\" style=\"object-position:50% 34%\" data-object-fit=\"cover\" data-object-position=\"50% 34%\" srcset=\"https:\/\/www.xn--metstuurinkoski-3kb.fi\/wp-content\/uploads\/2023\/03\/61aff67d-5e93-411b-853b-bde8127464c9-1.jpg 1178w, https:\/\/www.xn--metstuurinkoski-3kb.fi\/wp-content\/uploads\/2023\/03\/61aff67d-5e93-411b-853b-bde8127464c9-1-293x300.jpg 293w, https:\/\/www.xn--metstuurinkoski-3kb.fi\/wp-content\/uploads\/2023\/03\/61aff67d-5e93-411b-853b-bde8127464c9-1-1001x1024.jpg 1001w, https:\/\/www.xn--metstuurinkoski-3kb.fi\/wp-content\/uploads\/2023\/03\/61aff67d-5e93-411b-853b-bde8127464c9-1-768x786.jpg 768w\" sizes=\"(max-width: 1178px) 100vw, 1178px\" \/><div class=\"wp-block-cover__inner-container\"><p class=\"fonts-plugin-block \" style=\"font-family: Montserrat;font-weight: normal;font-size: 30px;text-align: center\"><strong>Mets\u00e4-Tuurinkoski Oy palvelee monipuolisesti <\/strong><\/p>\n\n\n<div class=\"is-content-justification-center is-layout-flex wp-container-1 wp-block-buttons\">\n<div class=\"wp-block-button\"><a class=\"wp-block-button__link has-ast-global-color-5-color has-text-color has-background wp-element-button\" href=\"mailto:metsatuurinkoski@gmail.com\" style=\"border-radius:0px;background-color:#052711\">Ota yhteytt\u00e4<\/a><\/div>\n<\/div>\n<\/div><\/div>\n\n\n\n<p>     <\/p>\n\n\n\n<p class=\"has-text-align-center has-ast-global-color-8-color has-text-color\">Palvemme monipuolisesti eri mets\u00e4alan toimijoita. Kauttamme saat seuraavia palveluja.<\/p>\n\n\n<p class=\"fonts-plugin-block \" style=\"font-family: Bebas Neue;font-weight: normal;font-size: 29px;text-align: center;color: #183613\">Metsien hakkuuty\u00f6t<br>L\u00e4hikuljetuspalvelut<br>Kes\u00e4aikaan metsien m\u00e4t\u00e4stys<\/p>\n\n\n<div id=\"wp-block-themeisle-blocks-advanced-columns-40db0924\" class=\"wp-block-themeisle-blocks-advanced-columns alignfull has-1-columns has-desktop-equal-layout has-tablet-equal-layout has-mobile-collapsedRows-layout has-vertical-top ticss-c00aadba has-dark-bg\"><div class=\"wp-block-themeisle-blocks-advanced-columns-overlay\"><\/div><div class=\"wp-block-themeisle-blocks-advanced-columns-separators top\"><svg id=\"rightCurve\" fill=\"var(--ast-global-color-5)\" viewBox=\"0 0 100 100\" width=\"100%\" height=\"100\" preserveAspectRatio=\"none\" xmlns=\"http:\/\/www.w3.org\/2000\/svg\" class=\"rotate\"><path d=\"M0 100 C 20 0 50 0 100 100 Z\"><\/path><\/svg><\/div><div class=\"innerblocks-wrap\">\n<div id=\"wp-block-themeisle-blocks-advanced-column-006aede9\" class=\"wp-block-themeisle-blocks-advanced-column\">\n<h2 id=\"wp-block-themeisle-blocks-advanced-heading-8e35b90f\" class=\"wp-block-themeisle-blocks-advanced-heading wp-block-themeisle-blocks-advanced-heading-8e35b90f\">Yhteyshenkil\u00f6t<\/h2>\n\n\n\n<div id=\"wp-block-themeisle-blocks-icon-list-dfc1fb3a\" class=\"wp-block-themeisle-blocks-icon-list\">\n<div id=\"wp-block-themeisle-blocks-icon-list-item-39db9a5c\" class=\"wp-block-themeisle-blocks-icon-list-item\"><i class=\"fas fa-phone wp-block-themeisle-blocks-icon-list-item-icon-custom\"><\/i><p class=\"wp-block-themeisle-blocks-icon-list-item-content\">040 534 2665 \/ Jari Tuurinkoski<\/p><\/div>\n\n\n\n<div id=\"wp-block-themeisle-blocks-icon-list-item-e6a57e87\" class=\"wp-block-themeisle-blocks-icon-list-item\"><i class=\"fas fa-phone wp-block-themeisle-blocks-icon-list-item-icon\"><\/i><p class=\"wp-block-themeisle-blocks-icon-list-item-content\">050 340 8730 \/ Sameli Tuurinkoski<\/p><\/div>\n\n\n\n<div id=\"wp-block-themeisle-blocks-icon-list-item-648b3a6e\" class=\"wp-block-themeisle-blocks-icon-list-item\"><i class=\"far fa-envelope wp-block-themeisle-blocks-icon-list-item-icon\"><\/i><p class=\"wp-block-themeisle-blocks-icon-list-item-content\">metsatuurinkoski@gmail.com<\/p><\/div>\n\n\n\n<div id=\"wp-block-themeisle-blocks-icon-list-item-d4eec3f8\" class=\"wp-block-themeisle-blocks-icon-list-item\"><i class=\"fas fa-map-marker-alt wp-block-themeisle-blocks-icon-list-item-icon\"><\/i><p class=\"wp-block-themeisle-blocks-icon-list-item-content\">Tuurinkoskentie 62, 62520 Lehm\u00e4joki<\/p><\/div>\n<\/div>\n<\/div>\n<\/div><\/div>\n","protected":false},"excerpt":{"rendered":"<p>Palvemme monipuolisesti eri mets\u00e4alan toimijoita. Kauttamme saat seuraavia palveluja.<\/p>\n","protected":false},"author":1,"featured_media":0,"parent":0,"menu_order":0,"comment_status":"closed","ping_status":"closed","template":"","meta":{"site-sidebar-layout":"default","site-content-layout":"default","ast-global-header-display":"","ast-main-header-display":"","ast-hfb-above-header-display":"","ast-hfb-below-header-display":"","ast-hfb-mobile-header-display":"","site-post-title":"disabled","ast-breadcrumbs-content":"","ast-featured-img":"","footer-sml-layout":"","theme-transparent-header-meta":"","adv-header-id-meta":"","stick-header-meta":"","header-above-stick-meta":"","header-main-stick-meta":"","header-below-stick-meta":"","_themeisle_gutenberg_block_has_review":false},"_links":{"self":[{"href":"https:\/\/www.xn--metstuurinkoski-3kb.fi\/index.php?rest_route=\/wp\/v2\/pages\/205"}],"collection":[{"href":"https:\/\/www.xn--metstuurinkoski-3kb.fi\/index.php?rest_route=\/wp\/v2\/pages"}],"about":[{"href":"https:\/\/www.xn--metstuurinkoski-3kb.fi\/index.php?rest_route=\/wp\/v2\/types\/page"}],"author":[{"embeddable":true,"href":"https:\/\/www.xn--metstuurinkoski-3kb.fi\/index.php?rest_route=\/wp\/v2\/users\/1"}],"replies":[{"embeddable":true,"href":"https:\/\/www.xn--metstuurinkoski-3kb.fi\/index.php?rest_route=%2Fwp%2Fv2%2Fcomments&post=205"}],"version-history":[{"count":18,"href":"https:\/\/www.xn--metstuurinkoski-3kb.fi\/index.php?rest_route=\/wp\/v2\/pages\/205\/revisions"}],"predecessor-version":[{"id":326,"href":"https:\/\/www.xn--metstuurinkoski-3kb.fi\/index.php?rest_route=\/wp\/v2\/pages\/205\/revisions\/326"}],"wp:attachment":[{"href":"https:\/\/www.xn--metstuurinkoski-3kb.fi\/index.php?rest_route=%2Fwp%2Fv2%2Fmedia&parent=205"}],"curies":[{"name":"wp","href":"https:\/\/api.w.org\/{rel}","templated":true}]}}