{"id":286,"date":"2023-03-26T05:21:42","date_gmt":"2023-03-26T05:21:42","guid":{"rendered":"https:\/\/www.xn--metstuurinkoski-3kb.fi\/?page_id=286"},"modified":"2023-03-26T06:03:24","modified_gmt":"2023-03-26T06:03:24","slug":"historia","status":"publish","type":"page","link":"https:\/\/www.xn--metstuurinkoski-3kb.fi\/?page_id=286","title":{"rendered":"Historia"},"content":{"rendered":"\n<div class=\"wp-block-media-text alignfull is-stacked-on-mobile is-vertically-aligned-center\" style=\"grid-template-columns:45% auto\"><figure class=\"wp-block-media-text__media\"><img decoding=\"async\" loading=\"lazy\" width=\"1001\" height=\"1024\" src=\"https:\/\/www.xn--metstuurinkoski-3kb.fi\/wp-content\/uploads\/2023\/03\/61aff67d-5e93-411b-853b-bde8127464c9-1-1001x1024.jpg\" alt=\"\" class=\"wp-image-264 size-full\" srcset=\"https:\/\/www.xn--metstuurinkoski-3kb.fi\/wp-content\/uploads\/2023\/03\/61aff67d-5e93-411b-853b-bde8127464c9-1-1001x1024.jpg 1001w, https:\/\/www.xn--metstuurinkoski-3kb.fi\/wp-content\/uploads\/2023\/03\/61aff67d-5e93-411b-853b-bde8127464c9-1-293x300.jpg 293w, https:\/\/www.xn--metstuurinkoski-3kb.fi\/wp-content\/uploads\/2023\/03\/61aff67d-5e93-411b-853b-bde8127464c9-1-768x786.jpg 768w, https:\/\/www.xn--metstuurinkoski-3kb.fi\/wp-content\/uploads\/2023\/03\/61aff67d-5e93-411b-853b-bde8127464c9-1.jpg 1178w\" sizes=\"(max-width: 1001px) 100vw, 1001px\" \/><\/figure><div class=\"wp-block-media-text__content\"><h3 class=\"fonts-plugin-block wp-block-heading\" style=\"font-family: Bebas Neue;font-weight: normal;font-size: 36px;text-align: center\"><strong>Historian havinaa<\/strong> <\/h3>\n\n\n<p class=\"has-text-align-center has-ast-global-color-2-color has-text-color has-medium-font-size\">1970 -luvulla Ilpo ja Osmo Tuurinkoski perustivat Tuurinkosken Koneyhtym\u00e4n. Ensimm\u00e4isen hakkuukoneen he rakensivat itse ja tekiv\u00e4t sill\u00e4 t\u00f6it\u00e4 ensimm\u00e4iset vuodet.<\/p>\n\n\n\n<p class=\"has-text-align-center has-ast-global-color-2-color has-text-color has-medium-font-size\">Mets\u00e4-Tuurinkoski Oy on puolestaan perustettu vuonna 2008. Se jatkaa Tuurinkosken Koneyhtym\u00e4n toimintaa. Firma on vuosien varrella kasvanut pikkuhiljaa uusien koneiden ja ty\u00f6ntekij\u00f6iden lis\u00e4\u00e4ntyess\u00e4.<\/p>\n\n\n\n<p class=\"has-text-align-center has-ast-global-color-2-color has-text-color has-medium-font-size\">T\u00e4ll\u00e4 hetkell\u00e4 Mets\u00e4-Tuurinkoski Oy:ll\u00e4 ty\u00f6skentelee 13 ammattilaista ja harjoittelijoita. Mets\u00e4-Tuurinkoski Oy:n toimitusjohtana toimii Jari Tuurinkoski ja hallituksen puheenjohtajana Sameli Tuurinkoski.<\/p>\n<\/div><\/div>\n","protected":false},"excerpt":{"rendered":"","protected":false},"author":1,"featured_media":0,"parent":0,"menu_order":0,"comment_status":"closed","ping_status":"closed","template":"","meta":{"site-sidebar-layout":"default","site-content-layout":"default","ast-global-header-display":"","ast-main-header-display":"","ast-hfb-above-header-display":"","ast-hfb-below-header-display":"","ast-hfb-mobile-header-display":"","site-post-title":"disabled","ast-breadcrumbs-content":"","ast-featured-img":"","footer-sml-layout":"","theme-transparent-header-meta":"","adv-header-id-meta":"","stick-header-meta":"","header-above-stick-meta":"","header-main-stick-meta":"","header-below-stick-meta":"","_themeisle_gutenberg_block_has_review":false},"_links":{"self":[{"href":"https:\/\/www.xn--metstuurinkoski-3kb.fi\/index.php?rest_route=\/wp\/v2\/pages\/286"}],"collection":[{"href":"https:\/\/www.xn--metstuurinkoski-3kb.fi\/index.php?rest_route=\/wp\/v2\/pages"}],"about":[{"href":"https:\/\/www.xn--metstuurinkoski-3kb.fi\/index.php?rest_route=\/wp\/v2\/types\/page"}],"author":[{"embeddable":true,"href":"https:\/\/www.xn--metstuurinkoski-3kb.fi\/index.php?rest_route=\/wp\/v2\/users\/1"}],"replies":[{"embeddable":true,"href":"https:\/\/www.xn--metstuurinkoski-3kb.fi\/index.php?rest_route=%2Fwp%2Fv2%2Fcomments&post=286"}],"version-history":[{"count":4,"href":"https:\/\/www.xn--metstuurinkoski-3kb.fi\/index.php?rest_route=\/wp\/v2\/pages\/286\/revisions"}],"predecessor-version":[{"id":315,"href":"https:\/\/www.xn--metstuurinkoski-3kb.fi\/index.php?rest_route=\/wp\/v2\/pages\/286\/revisions\/315"}],"wp:attachment":[{"href":"https:\/\/www.xn--metstuurinkoski-3kb.fi\/index.php?rest_route=%2Fwp%2Fv2%2Fmedia&parent=286"}],"curies":[{"name":"wp","href":"https:\/\/api.w.org\/{rel}","templated":true}]}}