{"id":6,"date":"2023-03-21T18:17:37","date_gmt":"2023-03-21T18:17:37","guid":{"rendered":"https:\/\/www.xn--metstuurinkoski-3kb.fi\/?page_id=6"},"modified":"2025-08-11T19:42:28","modified_gmt":"2025-08-11T19:42:28","slug":"home","status":"publish","type":"page","link":"https:\/\/www.xn--metstuurinkoski-3kb.fi\/","title":{"rendered":"Home"},"content":{"rendered":"<p><script id=\"Cookiebot\" src=\"https:\/\/consent.cookiebot.com\/uc.js\" data-cbid=\"91bd0447-ac61-4147-b649-56009941954c\" data-blockingmode=\"auto\" type=\"text\/javascript\"><\/script><\/p>\n\n\n<div class=\"wp-block-cover alignfull is-light has-medium-font-size\" style=\"padding-top:0;padding-right:0;padding-bottom:0;padding-left:0;min-height:600px\"><span aria-hidden=\"true\" class=\"wp-block-cover__background has-background-dim wp-block-cover__gradient-background has-background-gradient\" style=\"background:radial-gradient(rgb(122,220,180) 0%,rgb(10,36,18) 0%,rgb(0,0,0) 100%,rgb(0,208,130) 100%)\"><\/span><video class=\"wp-block-cover__video-background intrinsic-ignore\" autoplay muted loop playsinline src=\"http:\/\/www.xn--metstuurinkoski-3kb.fi\/wp-content\/uploads\/2023\/03\/FDownloader.net-247239749789501720p.mp4\" data-object-fit=\"cover\"><\/video><div class=\"wp-block-cover__inner-container\">\n<div class=\"inherit-container-width is-layout-constrained wp-block-group alignwide\" style=\"padding-top:0;padding-right:0;padding-bottom:0;padding-left:0\"><p class=\"fonts-plugin-block animated fadeIn slow delay-100ms\" style=\"font-family: Bebas Neue;font-weight: normal;font-size: 40px;text-align: center\">Metsien hakkuu ja l\u00e4hikuljetuspalvelut <br>vuodesta 1970<\/p>\n\n\n<div class=\"is-content-justification-center is-layout-flex wp-container-1 wp-block-buttons\">\n<div class=\"wp-block-button\"><a class=\"wp-block-button__link has-ast-global-color-5-color has-text-color has-background wp-element-button\" href=\"#yhteystiedot\" style=\"border-radius:0px;background-color:#244f29\">Ota yhteytt\u00e4<\/a><\/div>\n<\/div>\n<\/div>\n<\/div><\/div>\n\n\n\n<div class=\"is-layout-flex wp-container-8 wp-block-columns alignfull\" style=\"padding-top:var(--wp--preset--spacing--20);padding-right:var(--wp--preset--spacing--20);padding-bottom:var(--wp--preset--spacing--20);padding-left:var(--wp--preset--spacing--20)\">\n<div class=\"is-layout-flow wp-block-column is-vertically-aligned-center\" style=\"border-style:none;border-width:0px;padding-top:var(--wp--preset--spacing--40);padding-right:var(--wp--preset--spacing--40);padding-bottom:var(--wp--preset--spacing--40);padding-left:var(--wp--preset--spacing--40);flex-basis:1000%\"><p class=\"fonts-plugin-block \" style=\"font-family: Bebas Neue;font-weight: normal;font-size: 31px;color: #446240\">ammattitaitoista palvelua vuosikymmenien ajan<\/p>\n\n\n<p class=\"has-ast-global-color-8-color has-text-color has-medium-font-size\">Mets\u00e4-Tuurinkoski Oy:n palvelulupauksena on tuottaa asiakkaailleen laadukasta palvelua tyytyv\u00e4isen&nbsp;henkil\u00f6st\u00f6n kautta. Palveluihimme kuuluu koneelliset metsien hakkuuty\u00f6t,&nbsp;l\u00e4hikuljetuspalvelut ja&nbsp;metsien m\u00e4t\u00e4stys kes\u00e4aikaan. Olemme toimineet ammattitaidolla vuodesta 1970 l\u00e4htien.&nbsp;<\/p>\n\n\n\n<p class=\"has-ast-global-color-8-color has-text-color has-medium-font-size\">P\u00e4\u00e4urakanantajamme on Mets\u00e4-Group<em>.\u00a0<\/em><\/p>\n\n\n\n<p> <\/p>\n\n\n\n<div id=\"wp-block-themeisle-blocks-advanced-columns-dfd643f3\" class=\"wp-block-themeisle-blocks-advanced-columns alignfull has-1-columns has-desktop-equal-layout has-tablet-equal-layout has-mobile-collapsedRows-layout has-reverse-columns-mobile has-vertical-center ticss-c00aadba\"><div class=\"wp-block-themeisle-blocks-advanced-columns-overlay\"><\/div><div class=\"innerblocks-wrap\">\n<div id=\"wp-block-themeisle-blocks-advanced-column-9136d16a\" class=\"wp-block-themeisle-blocks-advanced-column\">\n<div class=\"is-layout-flex wp-container-6 wp-block-columns are-vertically-aligned-center animated fadeIn has-white-background-color has-background has-medium-font-size\" style=\"padding-top:0;padding-right:0;padding-bottom:0;padding-left:0\">\n<div class=\"is-layout-flow wp-block-column is-vertically-aligned-center\">\n<figure class=\"wp-block-image aligncenter size-full is-resized\"><img decoding=\"async\" loading=\"lazy\" src=\"https:\/\/www.xn--metstuurinkoski-3kb.fi\/wp-content\/uploads\/2023\/03\/kone5-1.png\" alt=\"\" class=\"wp-image-175\" width=\"362\" height=\"359\" srcset=\"https:\/\/www.xn--metstuurinkoski-3kb.fi\/wp-content\/uploads\/2023\/03\/kone5-1.png 724w, https:\/\/www.xn--metstuurinkoski-3kb.fi\/wp-content\/uploads\/2023\/03\/kone5-1-300x298.png 300w, https:\/\/www.xn--metstuurinkoski-3kb.fi\/wp-content\/uploads\/2023\/03\/kone5-1-150x150.png 150w\" sizes=\"(max-width: 362px) 100vw, 362px\" \/><\/figure>\n<\/div>\n\n\n\n<div class=\"is-layout-flow wp-block-column is-vertically-aligned-center\">\n<figure class=\"wp-block-image aligncenter size-full is-resized\"><img decoding=\"async\" loading=\"lazy\" src=\"https:\/\/www.xn--metstuurinkoski-3kb.fi\/wp-content\/uploads\/2023\/03\/kone6.png\" alt=\"\" class=\"wp-image-177\" width=\"361\" height=\"356\" srcset=\"https:\/\/www.xn--metstuurinkoski-3kb.fi\/wp-content\/uploads\/2023\/03\/kone6.png 722w, https:\/\/www.xn--metstuurinkoski-3kb.fi\/wp-content\/uploads\/2023\/03\/kone6-300x295.png 300w\" sizes=\"(max-width: 361px) 100vw, 361px\" \/><\/figure>\n<\/div>\n\n\n\n<div class=\"is-layout-flow wp-block-column is-vertically-aligned-center\">\n<figure class=\"wp-block-image aligncenter size-full is-resized\"><img decoding=\"async\" loading=\"lazy\" src=\"https:\/\/www.xn--metstuurinkoski-3kb.fi\/wp-content\/uploads\/2023\/03\/kone3-1.png\" alt=\"\" class=\"wp-image-173\" width=\"353\" height=\"358\" srcset=\"https:\/\/www.xn--metstuurinkoski-3kb.fi\/wp-content\/uploads\/2023\/03\/kone3-1.png 705w, https:\/\/www.xn--metstuurinkoski-3kb.fi\/wp-content\/uploads\/2023\/03\/kone3-1-295x300.png 295w\" sizes=\"(max-width: 353px) 100vw, 353px\" \/><\/figure>\n<\/div>\n<\/div>\n<\/div>\n<\/div><\/div>\n<\/div>\n<\/div>\n\n\n\n<div class=\"wp-block-cover alignfull is-light has-parallax\" style=\"padding-top:var(--wp--preset--spacing--20);padding-right:var(--wp--preset--spacing--20);padding-bottom:var(--wp--preset--spacing--20);padding-left:var(--wp--preset--spacing--20);min-height:377px\"><span aria-hidden=\"true\" class=\"wp-block-cover__background has-ast-global-color-8-background-color has-background-dim\"><\/span><div role=\"img\" class=\"wp-block-cover__image-background wp-image-256 has-parallax\" style=\"background-position:50% 50%;background-image:url(https:\/\/www.xn--metstuurinkoski-3kb.fi\/wp-content\/uploads\/2023\/03\/9dfb2286-67e9-4eb0-933b-f67dc91f8ae2.jpg)\"><\/div><div class=\"wp-block-cover__inner-container\">\n<div class=\"is-layout-flex wp-container-10 wp-block-columns has-background\" style=\"background-color:#00000000\">\n<div class=\"is-layout-flow wp-block-column\" style=\"flex-basis:100%\"><p class=\"fonts-plugin-block \" style=\"font-family: Montserrat;font-weight: normal;font-size: 20px;line-height: 1.8;text-align: center\"><strong>Kauttamme saat koneelliset metsien hakkuuty\u00f6t, <br>l\u00e4hikuljetuspalvelut sek\u00e4 metsien m\u00e4t\u00e4styksen kes\u00e4aikaan. <br>Kysy lis\u00e4\u00e4!<\/strong><\/p><\/div>\n<\/div>\n<\/div><\/div>\n\n\n\n\n\n<div class=\"is-layout-flex wp-container-14 wp-block-columns alignfull has-ast-global-color-5-background-color has-background\" id=\"yhteystiedot\" style=\"padding-top:var(--wp--preset--spacing--40);padding-right:var(--wp--preset--spacing--40);padding-bottom:var(--wp--preset--spacing--40);padding-left:var(--wp--preset--spacing--40)\">\n<div class=\"is-layout-flow wp-block-column is-vertically-aligned-center has-ast-global-color-5-color has-ast-global-color-5-background-color has-text-color has-background\" style=\"flex-basis:400px\"><p class=\"fonts-plugin-block \" style=\"font-family: Montserrat;font-weight: normal;font-size: 27px;color: var(--ast-global-color-8)\">Yhteystiedot<br>   <\/p>\n\n\n<p class=\"has-ast-global-color-8-color has-text-color has-medium-font-size\" style=\"margin-top:0;margin-right:0;margin-bottom:0;margin-left:0\">metsatuurinkoski@gmail.com<\/p>\n\n\n\n<p class=\"has-ast-global-color-8-color has-text-color has-medium-font-size\" style=\"line-height:1.5\">Tuurinkoskentie 62, 61520 Lehm\u00e4joki<\/p>\n\n\n\n<p class=\"has-ast-global-color-8-color has-text-color has-small-font-size\">Oppisopimusasioissa yhteyshenkil\u00f6n\u00e4 toimii Jari Tuurinkoski \/ 040 5342665<\/p>\n<\/div>\n\n\n\n<div class=\"is-layout-flow wp-block-column is-vertically-aligned-center\" style=\"padding-top:var(--wp--preset--spacing--20);padding-right:var(--wp--preset--spacing--20);padding-bottom:var(--wp--preset--spacing--20);padding-left:var(--wp--preset--spacing--20)\">\n<figure class=\"wp-block-image size-large is-resized\"><img decoding=\"async\" loading=\"lazy\" src=\"https:\/\/www.xn--metstuurinkoski-3kb.fi\/wp-content\/uploads\/2023\/03\/Screenshot_2023-03-26-08-14-21-20_6012fa4d4ddec268fc5c7112cbb265e7-874x1024.jpg\" alt=\"\" class=\"wp-image-296\" width=\"219\" height=\"256\" srcset=\"https:\/\/www.xn--metstuurinkoski-3kb.fi\/wp-content\/uploads\/2023\/03\/Screenshot_2023-03-26-08-14-21-20_6012fa4d4ddec268fc5c7112cbb265e7-874x1024.jpg 874w, https:\/\/www.xn--metstuurinkoski-3kb.fi\/wp-content\/uploads\/2023\/03\/Screenshot_2023-03-26-08-14-21-20_6012fa4d4ddec268fc5c7112cbb265e7-256x300.jpg 256w, https:\/\/www.xn--metstuurinkoski-3kb.fi\/wp-content\/uploads\/2023\/03\/Screenshot_2023-03-26-08-14-21-20_6012fa4d4ddec268fc5c7112cbb265e7-768x899.jpg 768w, https:\/\/www.xn--metstuurinkoski-3kb.fi\/wp-content\/uploads\/2023\/03\/Screenshot_2023-03-26-08-14-21-20_6012fa4d4ddec268fc5c7112cbb265e7.jpg 971w\" sizes=\"(max-width: 219px) 100vw, 219px\" \/><\/figure>\n\n\n<p class=\"fonts-plugin-block \" style=\"font-family: Montserrat;font-weight: normal;color: var(--ast-global-color-8)\"><strong>Toimitusjohtaja<br><\/strong>Jari Tuurinkoski<\/p>\n\n\n<div id=\"wp-block-themeisle-blocks-icon-list-ec933a39\" class=\"wp-block-themeisle-blocks-icon-list\">\n<div id=\"wp-block-themeisle-blocks-icon-list-item-996cd9fb\" class=\"wp-block-themeisle-blocks-icon-list-item\"><i class=\"fas fa-phone wp-block-themeisle-blocks-icon-list-item-icon-custom\"><\/i><p class=\"wp-block-themeisle-blocks-icon-list-item-content-custom\">040 534 2665<\/p><\/div>\n<\/div>\n<\/div>\n\n\n\n<div class=\"is-layout-flow wp-block-column is-vertically-aligned-center\" style=\"padding-top:var(--wp--preset--spacing--20);padding-right:var(--wp--preset--spacing--20);padding-bottom:var(--wp--preset--spacing--20);padding-left:var(--wp--preset--spacing--20)\">\n<figure class=\"wp-block-image size-large is-resized\"><img decoding=\"async\" loading=\"lazy\" src=\"https:\/\/www.xn--metstuurinkoski-3kb.fi\/wp-content\/uploads\/2023\/03\/Screenshot_2023-03-26-08-14-07-60_6012fa4d4ddec268fc5c7112cbb265e7_2-760x1024.jpg\" alt=\"\" class=\"wp-image-298\" width=\"190\" height=\"256\" srcset=\"https:\/\/www.xn--metstuurinkoski-3kb.fi\/wp-content\/uploads\/2023\/03\/Screenshot_2023-03-26-08-14-07-60_6012fa4d4ddec268fc5c7112cbb265e7_2-760x1024.jpg 760w, https:\/\/www.xn--metstuurinkoski-3kb.fi\/wp-content\/uploads\/2023\/03\/Screenshot_2023-03-26-08-14-07-60_6012fa4d4ddec268fc5c7112cbb265e7_2-223x300.jpg 223w, https:\/\/www.xn--metstuurinkoski-3kb.fi\/wp-content\/uploads\/2023\/03\/Screenshot_2023-03-26-08-14-07-60_6012fa4d4ddec268fc5c7112cbb265e7_2-768x1035.jpg 768w, https:\/\/www.xn--metstuurinkoski-3kb.fi\/wp-content\/uploads\/2023\/03\/Screenshot_2023-03-26-08-14-07-60_6012fa4d4ddec268fc5c7112cbb265e7_2.jpg 1080w\" sizes=\"(max-width: 190px) 100vw, 190px\" \/><\/figure>\n\n\n<p class=\"fonts-plugin-block \" style=\"font-family: Montserrat;font-weight: normal;color: var(--ast-global-color-2)\"><strong>Hallituksen puheenjohtaja<\/strong><br>Sameli Tuurinkoski<\/p>\n\n\n<div id=\"wp-block-themeisle-blocks-icon-list-6f65a24d\" class=\"wp-block-themeisle-blocks-icon-list\">\n<div id=\"wp-block-themeisle-blocks-icon-list-item-1fed06e2\" class=\"wp-block-themeisle-blocks-icon-list-item\"><i class=\"fas fa-phone wp-block-themeisle-blocks-icon-list-item-icon-custom\"><\/i><p class=\"wp-block-themeisle-blocks-icon-list-item-content-custom\">050 340 8730<\/p><\/div>\n<\/div>\n<\/div>\n<\/div>\n\n\n\n<ul class=\"is-content-justification-center is-layout-flex wp-container-15 wp-block-social-links alignleft\"><li class=\"wp-social-link wp-social-link-facebook wp-block-social-link\"><a href=\"https:\/\/www.facebook.com\/people\/Mets%C3%A4-Tuurinkoski-Oy\/100071853554947\/?paipv=0&#038;eav=AfZx_ntgnNtxGysac5cXy-4YQDhKeL5tHI1OK-aMGLgEtZpP_qbvr9UNrl8zxQ97WsM&#038;_rdr\"  class=\"wp-block-social-link-anchor\"><svg width=\"24\" height=\"24\" viewBox=\"0 0 24 24\" version=\"1.1\" xmlns=\"http:\/\/www.w3.org\/2000\/svg\" aria-hidden=\"true\" focusable=\"false\"><path d=\"M12 2C6.5 2 2 6.5 2 12c0 5 3.7 9.1 8.4 9.9v-7H7.9V12h2.5V9.8c0-2.5 1.5-3.9 3.8-3.9 1.1 0 2.2.2 2.2.2v2.5h-1.3c-1.2 0-1.6.8-1.6 1.6V12h2.8l-.4 2.9h-2.3v7C18.3 21.1 22 17 22 12c0-5.5-4.5-10-10-10z\"><\/path><\/svg><span class=\"wp-block-social-link-label screen-reader-text\">Facebook<\/span><\/a><\/li>\n\n<li class=\"wp-social-link wp-social-link-instagram wp-block-social-link\"><a href=\"https:\/\/www.instagram.com\/metsatuurinkoski\/\"  class=\"wp-block-social-link-anchor\"><svg width=\"24\" height=\"24\" viewBox=\"0 0 24 24\" version=\"1.1\" xmlns=\"http:\/\/www.w3.org\/2000\/svg\" aria-hidden=\"true\" focusable=\"false\"><path d=\"M12,4.622c2.403,0,2.688,0.009,3.637,0.052c0.877,0.04,1.354,0.187,1.671,0.31c0.42,0.163,0.72,0.358,1.035,0.673 c0.315,0.315,0.51,0.615,0.673,1.035c0.123,0.317,0.27,0.794,0.31,1.671c0.043,0.949,0.052,1.234,0.052,3.637 s-0.009,2.688-0.052,3.637c-0.04,0.877-0.187,1.354-0.31,1.671c-0.163,0.42-0.358,0.72-0.673,1.035 c-0.315,0.315-0.615,0.51-1.035,0.673c-0.317,0.123-0.794,0.27-1.671,0.31c-0.949,0.043-1.233,0.052-3.637,0.052 s-2.688-0.009-3.637-0.052c-0.877-0.04-1.354-0.187-1.671-0.31c-0.42-0.163-0.72-0.358-1.035-0.673 c-0.315-0.315-0.51-0.615-0.673-1.035c-0.123-0.317-0.27-0.794-0.31-1.671C4.631,14.688,4.622,14.403,4.622,12 s0.009-2.688,0.052-3.637c0.04-0.877,0.187-1.354,0.31-1.671c0.163-0.42,0.358-0.72,0.673-1.035 c0.315-0.315,0.615-0.51,1.035-0.673c0.317-0.123,0.794-0.27,1.671-0.31C9.312,4.631,9.597,4.622,12,4.622 M12,3 C9.556,3,9.249,3.01,8.289,3.054C7.331,3.098,6.677,3.25,6.105,3.472C5.513,3.702,5.011,4.01,4.511,4.511 c-0.5,0.5-0.808,1.002-1.038,1.594C3.25,6.677,3.098,7.331,3.054,8.289C3.01,9.249,3,9.556,3,12c0,2.444,0.01,2.751,0.054,3.711 c0.044,0.958,0.196,1.612,0.418,2.185c0.23,0.592,0.538,1.094,1.038,1.594c0.5,0.5,1.002,0.808,1.594,1.038 c0.572,0.222,1.227,0.375,2.185,0.418C9.249,20.99,9.556,21,12,21s2.751-0.01,3.711-0.054c0.958-0.044,1.612-0.196,2.185-0.418 c0.592-0.23,1.094-0.538,1.594-1.038c0.5-0.5,0.808-1.002,1.038-1.594c0.222-0.572,0.375-1.227,0.418-2.185 C20.99,14.751,21,14.444,21,12s-0.01-2.751-0.054-3.711c-0.044-0.958-0.196-1.612-0.418-2.185c-0.23-0.592-0.538-1.094-1.038-1.594 c-0.5-0.5-1.002-0.808-1.594-1.038c-0.572-0.222-1.227-0.375-2.185-0.418C14.751,3.01,14.444,3,12,3L12,3z M12,7.378 c-2.552,0-4.622,2.069-4.622,4.622S9.448,16.622,12,16.622s4.622-2.069,4.622-4.622S14.552,7.378,12,7.378z M12,15 c-1.657,0-3-1.343-3-3s1.343-3,3-3s3,1.343,3,3S13.657,15,12,15z M16.804,6.116c-0.596,0-1.08,0.484-1.08,1.08 s0.484,1.08,1.08,1.08c0.596,0,1.08-0.484,1.08-1.08S17.401,6.116,16.804,6.116z\"><\/path><\/svg><span class=\"wp-block-social-link-label screen-reader-text\">Instagram<\/span><\/a><\/li>\n\n<li class=\"wp-social-link wp-social-link-whatsapp wp-block-social-link\"><a href=\"https:\/\/wa.me\/+358503408730\"  class=\"wp-block-social-link-anchor\"><svg width=\"24\" height=\"24\" viewBox=\"0 0 24 24\" version=\"1.1\" xmlns=\"http:\/\/www.w3.org\/2000\/svg\" aria-hidden=\"true\" focusable=\"false\"><path d=\"M 12.011719 2 C 6.5057187 2 2.0234844 6.478375 2.0214844 11.984375 C 2.0204844 13.744375 2.4814687 15.462563 3.3554688 16.976562 L 2 22 L 7.2324219 20.763672 C 8.6914219 21.559672 10.333859 21.977516 12.005859 21.978516 L 12.009766 21.978516 C 17.514766 21.978516 21.995047 17.499141 21.998047 11.994141 C 22.000047 9.3251406 20.962172 6.8157344 19.076172 4.9277344 C 17.190172 3.0407344 14.683719 2.001 12.011719 2 z M 12.009766 4 C 14.145766 4.001 16.153109 4.8337969 17.662109 6.3417969 C 19.171109 7.8517969 20.000047 9.8581875 19.998047 11.992188 C 19.996047 16.396187 16.413812 19.978516 12.007812 19.978516 C 10.674812 19.977516 9.3544062 19.642812 8.1914062 19.007812 L 7.5175781 18.640625 L 6.7734375 18.816406 L 4.8046875 19.28125 L 5.2851562 17.496094 L 5.5019531 16.695312 L 5.0878906 15.976562 C 4.3898906 14.768562 4.0204844 13.387375 4.0214844 11.984375 C 4.0234844 7.582375 7.6067656 4 12.009766 4 z M 8.4765625 7.375 C 8.3095625 7.375 8.0395469 7.4375 7.8105469 7.6875 C 7.5815469 7.9365 6.9355469 8.5395781 6.9355469 9.7675781 C 6.9355469 10.995578 7.8300781 12.182609 7.9550781 12.349609 C 8.0790781 12.515609 9.68175 15.115234 12.21875 16.115234 C 14.32675 16.946234 14.754891 16.782234 15.212891 16.740234 C 15.670891 16.699234 16.690438 16.137687 16.898438 15.554688 C 17.106437 14.971687 17.106922 14.470187 17.044922 14.367188 C 16.982922 14.263188 16.816406 14.201172 16.566406 14.076172 C 16.317406 13.951172 15.090328 13.348625 14.861328 13.265625 C 14.632328 13.182625 14.464828 13.140625 14.298828 13.390625 C 14.132828 13.640625 13.655766 14.201187 13.509766 14.367188 C 13.363766 14.534188 13.21875 14.556641 12.96875 14.431641 C 12.71875 14.305641 11.914938 14.041406 10.960938 13.191406 C 10.218937 12.530406 9.7182656 11.714844 9.5722656 11.464844 C 9.4272656 11.215844 9.5585938 11.079078 9.6835938 10.955078 C 9.7955938 10.843078 9.9316406 10.663578 10.056641 10.517578 C 10.180641 10.371578 10.223641 10.267562 10.306641 10.101562 C 10.389641 9.9355625 10.347156 9.7890625 10.285156 9.6640625 C 10.223156 9.5390625 9.737625 8.3065 9.515625 7.8125 C 9.328625 7.3975 9.131125 7.3878594 8.953125 7.3808594 C 8.808125 7.3748594 8.6425625 7.375 8.4765625 7.375 z\"><\/path><\/svg><span class=\"wp-block-social-link-label screen-reader-text\">WhatsApp<\/span><\/a><\/li><\/ul>\n\n\n\n<p>            <\/p>\n","protected":false},"excerpt":{"rendered":"<p>Mets\u00e4-Tuurinkoski Oy:n palvelulupauksena on tuottaa asiakkaailleen laadukasta palvelua tyytyv\u00e4isen&nbsp;henkil\u00f6st\u00f6n kautta. Palveluihimme kuuluu koneelliset metsien hakkuuty\u00f6t,&nbsp;l\u00e4hikuljetuspalvelut ja&nbsp;metsien m\u00e4t\u00e4stys kes\u00e4aikaan. Olemme toimineet ammattitaidolla vuodesta 1970 l\u00e4htien.&nbsp; P\u00e4\u00e4urakanantajamme on Mets\u00e4-Group.\u00a0 metsatuurinkoski@gmail.com Tuurinkoskentie 62, 61520 Lehm\u00e4joki Oppisopimusasioissa yhteyshenkil\u00f6n\u00e4 toimii Jari Tuurinkoski \/ 040 5342665<\/p>\n","protected":false},"author":1,"featured_media":0,"parent":0,"menu_order":0,"comment_status":"closed","ping_status":"closed","template":"","meta":{"site-sidebar-layout":"no-sidebar","site-content-layout":"plain-container","ast-global-header-display":"","ast-main-header-display":"","ast-hfb-above-header-display":"","ast-hfb-below-header-display":"","ast-hfb-mobile-header-display":"","site-post-title":"disabled","ast-breadcrumbs-content":"","ast-featured-img":"","footer-sml-layout":"","theme-transparent-header-meta":"enabled","adv-header-id-meta":"","stick-header-meta":"","header-above-stick-meta":"","header-main-stick-meta":"","header-below-stick-meta":"","_themeisle_gutenberg_block_has_review":false},"_links":{"self":[{"href":"https:\/\/www.xn--metstuurinkoski-3kb.fi\/index.php?rest_route=\/wp\/v2\/pages\/6"}],"collection":[{"href":"https:\/\/www.xn--metstuurinkoski-3kb.fi\/index.php?rest_route=\/wp\/v2\/pages"}],"about":[{"href":"https:\/\/www.xn--metstuurinkoski-3kb.fi\/index.php?rest_route=\/wp\/v2\/types\/page"}],"author":[{"embeddable":true,"href":"https:\/\/www.xn--metstuurinkoski-3kb.fi\/index.php?rest_route=\/wp\/v2\/users\/1"}],"replies":[{"embeddable":true,"href":"https:\/\/www.xn--metstuurinkoski-3kb.fi\/index.php?rest_route=%2Fwp%2Fv2%2Fcomments&post=6"}],"version-history":[{"count":165,"href":"https:\/\/www.xn--metstuurinkoski-3kb.fi\/index.php?rest_route=\/wp\/v2\/pages\/6\/revisions"}],"predecessor-version":[{"id":335,"href":"https:\/\/www.xn--metstuurinkoski-3kb.fi\/index.php?rest_route=\/wp\/v2\/pages\/6\/revisions\/335"}],"wp:attachment":[{"href":"https:\/\/www.xn--metstuurinkoski-3kb.fi\/index.php?rest_route=%2Fwp%2Fv2%2Fmedia&parent=6"}],"curies":[{"name":"wp","href":"https:\/\/api.w.org\/{rel}","templated":true}]}}